{"id":452,"date":"2016-02-11T10:21:17","date_gmt":"2016-02-11T09:21:17","guid":{"rendered":"http:\/\/www.pensioenfondsmercer.nl\/?page_id=452"},"modified":"2026-01-09T13:33:16","modified_gmt":"2026-01-09T12:33:16","slug":"welke-keuzes-heb-je-zelf","status":"publish","type":"page","link":"https:\/\/www.pensioenfondsmercer.nl\/index.php\/werknemers\/wat-bouwt-u-op\/welke-keuzes-heb-je-zelf\/welke-keuzes-heb-je-zelf\/","title":{"rendered":"Welke keuzes heb je zelf"},"content":{"rendered":"<p><img loading=\"lazy\" decoding=\"async\" class=\"leftone align wp-image-508\" src=\"http:\/\/www.pensioenfondsmercer.nl\/wp-content\/uploads\/2016\/02\/waardeoverdracht-300x300.png\" alt=\"waardeoverdracht\" width=\"65\" height=\"65\" srcset=\"https:\/\/www.pensioenfondsmercer.nl\/wp-content\/uploads\/2016\/02\/waardeoverdracht-300x300.png 300w, https:\/\/www.pensioenfondsmercer.nl\/wp-content\/uploads\/2016\/02\/waardeoverdracht-150x150.png 150w, https:\/\/www.pensioenfondsmercer.nl\/wp-content\/uploads\/2016\/02\/waardeoverdracht.png 709w\" sizes=\"auto, (max-width: 65px) 100vw, 65px\" \/><img loading=\"lazy\" decoding=\"async\" class=\"alignright wp-image-2046\" src=\"http:\/\/www.pensioenfondsmercer.nl\/wp-content\/uploads\/2016\/06\/logo_P123_laag2_MERCER-300x78.png\" width=\"150\" height=\"39\" srcset=\"https:\/\/www.pensioenfondsmercer.nl\/wp-content\/uploads\/2016\/06\/logo_P123_laag2_MERCER-300x78.png 300w, https:\/\/www.pensioenfondsmercer.nl\/wp-content\/uploads\/2016\/06\/logo_P123_laag2_MERCER-768x199.png 768w, https:\/\/www.pensioenfondsmercer.nl\/wp-content\/uploads\/2016\/06\/logo_P123_laag2_MERCER.png 904w\" sizes=\"auto, (max-width: 150px) 100vw, 150px\" \/><\/p>\n<h3>Waardeoverdracht<\/h3>\n<p>Als je van werkgever verandert en daardoor naar een andere pensioenuitvoerder gaat, kun je ervoor kiezen om jouw opgebouwde pensioen mee te nemen. We noemen dat waardeoverdracht. Waardeoverdracht vraag je aan bij je nieuwe pensioenuitvoerder.<\/p>\n<p><strong>Automatische waardeoverdracht<\/strong><br \/>\nIs je opgebouwde pensioen in 2026 hoger dan \u20ac 632,63 per jaar? Dan bepaal je zelf of je je pensioen meeneemt naar een nieuwe pensioenuitvoerder.<\/p>\n<ul>\n<li>Ben je na 1 januari 2018 uit dienst gegaan bij Mercer Nederland B.V.? En is je opgebouwde pensioen in 2026 minder dan \u20ac 632,63 per jaar en hoger dan \u20ac 2,-? Dan zorgt Pensioenfonds Mercer er automatisch voor dat je pensioen meegaat naar je nieuwe pensioenuitvoerder.<\/li>\n<\/ul>\n<p>Pensioenfonds Mercer checkt jaarlijks bij <a href=\"https:\/\/www.mijnpensioenoverzicht.nl\">www.mijnpensioenoverzicht.nl<\/a> of u pensioen opbouwt bij een nieuwe pensioenuitvoerder. Heeft u geen nieuwe pensioenuitvoerder? Dan blijft uw pensioen bij Pensioenfonds Mercer.<\/p>\n<ul>\n<li>Is uw pensioenopbouw na 1 januari 2018 gestopt? En is uw opgebouwde pensioen lager dan \u20ac 2,- per jaar? Dan krijgt u dat pensioen niet. Dat is wettelijk zo bepaald.<\/li>\n<\/ul>\n<p><strong>Is waardeoverdracht voor jou verstandig?<\/strong><br \/>\nLaat je voordat je een definitieve keuze maakt om de waarde over te dragen hierover goed informeren.Ook is het van belang om bij de nieuwe pensioenregeling te kijken of er de afgelopen jaren wel indexaties zijn verleend. Dit kan namelijk iets zeggen over de financi\u00eble positie van jouw nieuwe pensioenuitvoerder en toekomstige indexatiemogelijkheden.<\/p>\n<p>Als je een waarde wilt overdragen naar Stichting Pensioenfonds Mercer kun je contact met ons opnemen. Er zijn geen kosten aan verbonden, wel is toestemming van je eventuele partner nodig. Als je besluit geen waardeoverdracht aan te vragen, dan blijft jouw pensioen bij ons fonds staan en wordt het vanaf de pensioendatum aan je uitbetaald.<\/p>\n<p><img loading=\"lazy\" decoding=\"async\" class=\"left align wp-image-501\" src=\"http:\/\/www.pensioenfondsmercer.nl\/wp-content\/uploads\/2016\/02\/ruilen_partner_ouderdom-300x300.png\" alt=\"ruilen_partner_ouderdom\" width=\"65\" height=\"65\" srcset=\"https:\/\/www.pensioenfondsmercer.nl\/wp-content\/uploads\/2016\/02\/ruilen_partner_ouderdom-300x300.png 300w, https:\/\/www.pensioenfondsmercer.nl\/wp-content\/uploads\/2016\/02\/ruilen_partner_ouderdom-150x150.png 150w, https:\/\/www.pensioenfondsmercer.nl\/wp-content\/uploads\/2016\/02\/ruilen_partner_ouderdom.png 709w\" sizes=\"auto, (max-width: 65px) 100vw, 65px\" \/><\/p>\n<h3>Partnerpensioen ruilen voor ouderdomspensioen<\/h3>\n<p>Naast ouderdomspensioen bouw je ook partnerpensioen op. Er kunnen redenen zijn waarom je het partnerpensioen wilt ruilen voor een hoger ouderdomspensioen. Misschien heeft jouw partner zelf een goed pensioen of heb je geen partner (meer).<br \/>\nLet op! Dit is een eenmalige keuze! Als je eenmaal gekozen hebt om wel of niet te ruilen kun je het niet meer ongedaan maken. Je keuze moet je uiterlijk \u00e9\u00e9n maand voor je pensioendatum aan ons kenbaar maken. Als je w\u00e9l een partner hebt, moet die het schriftelijk eens zijn met deze keuze.<\/p>\n<p><img loading=\"lazy\" decoding=\"async\" class=\"left align wp-image-506\" src=\"http:\/\/www.pensioenfondsmercer.nl\/wp-content\/uploads\/2016\/02\/vervroegen_uitstellen-300x300.png\" alt=\"vervroegen_uitstellen\" width=\"65\" height=\"65\" srcset=\"https:\/\/www.pensioenfondsmercer.nl\/wp-content\/uploads\/2016\/02\/vervroegen_uitstellen-300x300.png 300w, https:\/\/www.pensioenfondsmercer.nl\/wp-content\/uploads\/2016\/02\/vervroegen_uitstellen-150x150.png 150w, https:\/\/www.pensioenfondsmercer.nl\/wp-content\/uploads\/2016\/02\/vervroegen_uitstellen.png 709w\" sizes=\"auto, (max-width: 65px) 100vw, 65px\" \/><\/p>\n<h3>Eerder stoppen met werken<\/h3>\n<p>In plaats van met pensioen te gaan op 67 jaar kun je er voor kiezen om jouw pensioen eerder in te laten gaan. Op zijn vroegst kun je het in laten gaan in de maand waarin je 55 wordt. Je moet dan wel uit dienst zijn van Mercer. En als je voor je 60e met pensioen wilt gaan, mag je ook geen economische activiteiten meer verrichten. Eerder stoppen heeft financi\u00eble gevolgen. Jouw ouderdomspensioen wordt lager; je pensioen moeten we langer uitkeren. Je moet er rekening mee houden dat de AOW wellicht later ingaat dan jouw vervroegde ouderdomspensioen. Kijk op <a href=\"https:\/\/www.svb.nl\/nl\/aow\/aow-leeftijd\/uw-aow-leeftijd\" target=\"_blank\" rel=\"noopener noreferrer\">www.svb.nl<\/a> om te zien wanneer jouw AOW ingaat.\u00a0Je keuze moet je uiterlijk zes maanden voor je pensioendatum aan ons kenbaar maken.<\/p>\n<p><img loading=\"lazy\" decoding=\"async\" class=\"left align wp-image-486\" src=\"http:\/\/www.pensioenfondsmercer.nl\/wp-content\/uploads\/2016\/02\/hoog_laag_laag_hoog-300x300.png\" alt=\"hoog_laag_laag_hoog\" width=\"65\" height=\"65\" srcset=\"https:\/\/www.pensioenfondsmercer.nl\/wp-content\/uploads\/2016\/02\/hoog_laag_laag_hoog-300x300.png 300w, https:\/\/www.pensioenfondsmercer.nl\/wp-content\/uploads\/2016\/02\/hoog_laag_laag_hoog-150x150.png 150w, https:\/\/www.pensioenfondsmercer.nl\/wp-content\/uploads\/2016\/02\/hoog_laag_laag_hoog.png 709w\" sizes=\"auto, (max-width: 65px) 100vw, 65px\" \/><\/p>\n<h3><a id=\"HL1\"><\/a>Beginnen met een hoger of lager pensioen<\/h3>\n<p>Je kunt een aantal keuzes maken, bijvoorbeeld om eerst vijf of 10 jaar een hoger ouderdomspensioen te ontvangen, en daarna een lager ouderdomspensioen. Na vijf of 10 jaar heb je bij deze keuze een lager ouderdomspensioen dan nu op jouw Uniform Pensioenoverzicht staat. De verhouding is 100:75.<\/p>\n<p>Je kunt ook de keuze maken om eerst vijf of tien jaar een lager ouderdomspensioen te ontvangen, en daarna een hoger ouderdomspensioen. Ook in dit geval wijkt het bedrag dat nu op je UPO staat ook af.\u00a0De verhouding is 75:100.<\/p>\n<p>Een hoger of lager pensioen heeft geen\u00a0invloed op het eventueel meeverzekerde partnerpensioen en wezenpensioen.<\/p>\n<p>Je keuze moet je uiterlijk \u00e9\u00e9n maand voor je pensioendatum aan ons kenbaar maken.<\/p>\n<p>Wil je hier meer over weten? Neem dan <a href=\"https:\/\/www.pensioenfondsmercer.nl\/index.php\/contact\/\" target=\"_blank\" rel=\"noopener\">contact<\/a> met ons op.<\/p>\n","protected":false},"excerpt":{"rendered":"<div class=\"mh-excerpt\"><p>Waardeoverdracht Als je van werkgever verandert en daardoor naar een andere pensioenuitvoerder gaat, kun je ervoor kiezen om jouw opgebouwde pensioen mee te nemen. We noemen dat waardeoverdracht. Waardeoverdracht vraag je aan bij je nieuwe <a class=\"mh-excerpt-more\" href=\"https:\/\/www.pensioenfondsmercer.nl\/index.php\/werknemers\/wat-bouwt-u-op\/welke-keuzes-heb-je-zelf\/welke-keuzes-heb-je-zelf\/\" title=\"Welke keuzes heb je zelf\">[&#8230;]<\/a><\/p>\n<\/div>","protected":false},"author":1,"featured_media":0,"parent":448,"menu_order":0,"comment_status":"closed","ping_status":"closed","template":"","meta":{"footnotes":""},"class_list":["post-452","page","type-page","status-publish","hentry"],"yoast_head":"<!-- This site is optimized with the Yoast SEO plugin v27.3 - https:\/\/yoast.com\/product\/yoast-seo-wordpress\/ -->\n<title>Welke keuzes heb je zelf - Stichting Pensioenfonds Mercer<\/title>\n<meta name=\"robots\" content=\"index, follow, max-snippet:-1, max-image-preview:large, max-video-preview:-1\" \/>\n<link rel=\"canonical\" href=\"https:\/\/www.pensioenfondsmercer.nl\/index.php\/werknemers\/wat-bouwt-u-op\/welke-keuzes-heb-je-zelf\/welke-keuzes-heb-je-zelf\/\" \/>\n<meta property=\"og:locale\" content=\"nl_NL\" \/>\n<meta property=\"og:type\" content=\"article\" \/>\n<meta property=\"og:title\" content=\"Welke keuzes heb je zelf - Stichting Pensioenfonds Mercer\" \/>\n<meta property=\"og:description\" content=\"Waardeoverdracht Als je van werkgever verandert en daardoor naar een andere pensioenuitvoerder gaat, kun je ervoor kiezen om jouw opgebouwde pensioen mee te nemen. We noemen dat waardeoverdracht. Waardeoverdracht vraag je aan bij je nieuwe [...]\" \/>\n<meta property=\"og:url\" content=\"https:\/\/www.pensioenfondsmercer.nl\/index.php\/werknemers\/wat-bouwt-u-op\/welke-keuzes-heb-je-zelf\/welke-keuzes-heb-je-zelf\/\" \/>\n<meta property=\"og:site_name\" content=\"Stichting Pensioenfonds Mercer\" \/>\n<meta property=\"article:modified_time\" content=\"2026-01-09T12:33:16+00:00\" \/>\n<meta property=\"og:image\" content=\"https:\/\/www.pensioenfondsmercer.nl\/wp-content\/uploads\/2016\/02\/waardeoverdracht.png\" \/>\n\t<meta property=\"og:image:width\" content=\"709\" \/>\n\t<meta property=\"og:image:height\" content=\"709\" \/>\n\t<meta property=\"og:image:type\" content=\"image\/png\" \/>\n<meta name=\"twitter:card\" content=\"summary_large_image\" \/>\n<meta name=\"twitter:label1\" content=\"Geschatte leestijd\" \/>\n\t<meta name=\"twitter:data1\" content=\"5 minuten\" \/>\n<script type=\"application\/ld+json\" class=\"yoast-schema-graph\">{\"@context\":\"https:\\\/\\\/schema.org\",\"@graph\":[{\"@type\":\"WebPage\",\"@id\":\"https:\\\/\\\/www.pensioenfondsmercer.nl\\\/index.php\\\/werknemers\\\/wat-bouwt-u-op\\\/welke-keuzes-heb-je-zelf\\\/welke-keuzes-heb-je-zelf\\\/\",\"url\":\"https:\\\/\\\/www.pensioenfondsmercer.nl\\\/index.php\\\/werknemers\\\/wat-bouwt-u-op\\\/welke-keuzes-heb-je-zelf\\\/welke-keuzes-heb-je-zelf\\\/\",\"name\":\"Welke keuzes heb je zelf - Stichting Pensioenfonds Mercer\",\"isPartOf\":{\"@id\":\"https:\\\/\\\/www.pensioenfondsmercer.nl\\\/#website\"},\"primaryImageOfPage\":{\"@id\":\"https:\\\/\\\/www.pensioenfondsmercer.nl\\\/index.php\\\/werknemers\\\/wat-bouwt-u-op\\\/welke-keuzes-heb-je-zelf\\\/welke-keuzes-heb-je-zelf\\\/#primaryimage\"},\"image\":{\"@id\":\"https:\\\/\\\/www.pensioenfondsmercer.nl\\\/index.php\\\/werknemers\\\/wat-bouwt-u-op\\\/welke-keuzes-heb-je-zelf\\\/welke-keuzes-heb-je-zelf\\\/#primaryimage\"},\"thumbnailUrl\":\"http:\\\/\\\/www.pensioenfondsmercer.nl\\\/wp-content\\\/uploads\\\/2016\\\/02\\\/waardeoverdracht-300x300.png\",\"datePublished\":\"2016-02-11T09:21:17+00:00\",\"dateModified\":\"2026-01-09T12:33:16+00:00\",\"breadcrumb\":{\"@id\":\"https:\\\/\\\/www.pensioenfondsmercer.nl\\\/index.php\\\/werknemers\\\/wat-bouwt-u-op\\\/welke-keuzes-heb-je-zelf\\\/welke-keuzes-heb-je-zelf\\\/#breadcrumb\"},\"inLanguage\":\"nl-NL\",\"potentialAction\":[{\"@type\":\"ReadAction\",\"target\":[\"https:\\\/\\\/www.pensioenfondsmercer.nl\\\/index.php\\\/werknemers\\\/wat-bouwt-u-op\\\/welke-keuzes-heb-je-zelf\\\/welke-keuzes-heb-je-zelf\\\/\"]}]},{\"@type\":\"ImageObject\",\"inLanguage\":\"nl-NL\",\"@id\":\"https:\\\/\\\/www.pensioenfondsmercer.nl\\\/index.php\\\/werknemers\\\/wat-bouwt-u-op\\\/welke-keuzes-heb-je-zelf\\\/welke-keuzes-heb-je-zelf\\\/#primaryimage\",\"url\":\"https:\\\/\\\/www.pensioenfondsmercer.nl\\\/wp-content\\\/uploads\\\/2016\\\/02\\\/waardeoverdracht.png\",\"contentUrl\":\"https:\\\/\\\/www.pensioenfondsmercer.nl\\\/wp-content\\\/uploads\\\/2016\\\/02\\\/waardeoverdracht.png\",\"width\":709,\"height\":709},{\"@type\":\"BreadcrumbList\",\"@id\":\"https:\\\/\\\/www.pensioenfondsmercer.nl\\\/index.php\\\/werknemers\\\/wat-bouwt-u-op\\\/welke-keuzes-heb-je-zelf\\\/welke-keuzes-heb-je-zelf\\\/#breadcrumb\",\"itemListElement\":[{\"@type\":\"ListItem\",\"position\":1,\"name\":\"Home\",\"item\":\"https:\\\/\\\/www.pensioenfondsmercer.nl\\\/\"},{\"@type\":\"ListItem\",\"position\":2,\"name\":\"Werknemers\",\"item\":\"https:\\\/\\\/www.pensioenfondsmercer.nl\\\/index.php\\\/werknemers\\\/\"},{\"@type\":\"ListItem\",\"position\":3,\"name\":\"Wat bouw ik op\",\"item\":\"https:\\\/\\\/www.pensioenfondsmercer.nl\\\/index.php\\\/werknemers\\\/wat-bouwt-u-op\\\/\"},{\"@type\":\"ListItem\",\"position\":4,\"name\":\"Welke keuzes heb je zelf\",\"item\":\"https:\\\/\\\/www.pensioenfondsmercer.nl\\\/index.php\\\/werknemers\\\/wat-bouwt-u-op\\\/welke-keuzes-heb-je-zelf\\\/\"},{\"@type\":\"ListItem\",\"position\":5,\"name\":\"Welke keuzes heb je zelf\"}]},{\"@type\":\"WebSite\",\"@id\":\"https:\\\/\\\/www.pensioenfondsmercer.nl\\\/#website\",\"url\":\"https:\\\/\\\/www.pensioenfondsmercer.nl\\\/\",\"name\":\"Stichting Pensioenfonds Mercer\",\"description\":\"\",\"potentialAction\":[{\"@type\":\"SearchAction\",\"target\":{\"@type\":\"EntryPoint\",\"urlTemplate\":\"https:\\\/\\\/www.pensioenfondsmercer.nl\\\/?s={search_term_string}\"},\"query-input\":{\"@type\":\"PropertyValueSpecification\",\"valueRequired\":true,\"valueName\":\"search_term_string\"}}],\"inLanguage\":\"nl-NL\"}]}<\/script>\n<!-- \/ Yoast SEO plugin. -->","yoast_head_json":{"title":"Welke keuzes heb je zelf - Stichting Pensioenfonds Mercer","robots":{"index":"index","follow":"follow","max-snippet":"max-snippet:-1","max-image-preview":"max-image-preview:large","max-video-preview":"max-video-preview:-1"},"canonical":"https:\/\/www.pensioenfondsmercer.nl\/index.php\/werknemers\/wat-bouwt-u-op\/welke-keuzes-heb-je-zelf\/welke-keuzes-heb-je-zelf\/","og_locale":"nl_NL","og_type":"article","og_title":"Welke keuzes heb je zelf - Stichting Pensioenfonds Mercer","og_description":"Waardeoverdracht Als je van werkgever verandert en daardoor naar een andere pensioenuitvoerder gaat, kun je ervoor kiezen om jouw opgebouwde pensioen mee te nemen. We noemen dat waardeoverdracht. Waardeoverdracht vraag je aan bij je nieuwe [...]","og_url":"https:\/\/www.pensioenfondsmercer.nl\/index.php\/werknemers\/wat-bouwt-u-op\/welke-keuzes-heb-je-zelf\/welke-keuzes-heb-je-zelf\/","og_site_name":"Stichting Pensioenfonds Mercer","article_modified_time":"2026-01-09T12:33:16+00:00","og_image":[{"width":709,"height":709,"url":"https:\/\/www.pensioenfondsmercer.nl\/wp-content\/uploads\/2016\/02\/waardeoverdracht.png","type":"image\/png"}],"twitter_card":"summary_large_image","twitter_misc":{"Geschatte leestijd":"5 minuten"},"schema":{"@context":"https:\/\/schema.org","@graph":[{"@type":"WebPage","@id":"https:\/\/www.pensioenfondsmercer.nl\/index.php\/werknemers\/wat-bouwt-u-op\/welke-keuzes-heb-je-zelf\/welke-keuzes-heb-je-zelf\/","url":"https:\/\/www.pensioenfondsmercer.nl\/index.php\/werknemers\/wat-bouwt-u-op\/welke-keuzes-heb-je-zelf\/welke-keuzes-heb-je-zelf\/","name":"Welke keuzes heb je zelf - Stichting Pensioenfonds Mercer","isPartOf":{"@id":"https:\/\/www.pensioenfondsmercer.nl\/#website"},"primaryImageOfPage":{"@id":"https:\/\/www.pensioenfondsmercer.nl\/index.php\/werknemers\/wat-bouwt-u-op\/welke-keuzes-heb-je-zelf\/welke-keuzes-heb-je-zelf\/#primaryimage"},"image":{"@id":"https:\/\/www.pensioenfondsmercer.nl\/index.php\/werknemers\/wat-bouwt-u-op\/welke-keuzes-heb-je-zelf\/welke-keuzes-heb-je-zelf\/#primaryimage"},"thumbnailUrl":"http:\/\/www.pensioenfondsmercer.nl\/wp-content\/uploads\/2016\/02\/waardeoverdracht-300x300.png","datePublished":"2016-02-11T09:21:17+00:00","dateModified":"2026-01-09T12:33:16+00:00","breadcrumb":{"@id":"https:\/\/www.pensioenfondsmercer.nl\/index.php\/werknemers\/wat-bouwt-u-op\/welke-keuzes-heb-je-zelf\/welke-keuzes-heb-je-zelf\/#breadcrumb"},"inLanguage":"nl-NL","potentialAction":[{"@type":"ReadAction","target":["https:\/\/www.pensioenfondsmercer.nl\/index.php\/werknemers\/wat-bouwt-u-op\/welke-keuzes-heb-je-zelf\/welke-keuzes-heb-je-zelf\/"]}]},{"@type":"ImageObject","inLanguage":"nl-NL","@id":"https:\/\/www.pensioenfondsmercer.nl\/index.php\/werknemers\/wat-bouwt-u-op\/welke-keuzes-heb-je-zelf\/welke-keuzes-heb-je-zelf\/#primaryimage","url":"https:\/\/www.pensioenfondsmercer.nl\/wp-content\/uploads\/2016\/02\/waardeoverdracht.png","contentUrl":"https:\/\/www.pensioenfondsmercer.nl\/wp-content\/uploads\/2016\/02\/waardeoverdracht.png","width":709,"height":709},{"@type":"BreadcrumbList","@id":"https:\/\/www.pensioenfondsmercer.nl\/index.php\/werknemers\/wat-bouwt-u-op\/welke-keuzes-heb-je-zelf\/welke-keuzes-heb-je-zelf\/#breadcrumb","itemListElement":[{"@type":"ListItem","position":1,"name":"Home","item":"https:\/\/www.pensioenfondsmercer.nl\/"},{"@type":"ListItem","position":2,"name":"Werknemers","item":"https:\/\/www.pensioenfondsmercer.nl\/index.php\/werknemers\/"},{"@type":"ListItem","position":3,"name":"Wat bouw ik op","item":"https:\/\/www.pensioenfondsmercer.nl\/index.php\/werknemers\/wat-bouwt-u-op\/"},{"@type":"ListItem","position":4,"name":"Welke keuzes heb je zelf","item":"https:\/\/www.pensioenfondsmercer.nl\/index.php\/werknemers\/wat-bouwt-u-op\/welke-keuzes-heb-je-zelf\/"},{"@type":"ListItem","position":5,"name":"Welke keuzes heb je zelf"}]},{"@type":"WebSite","@id":"https:\/\/www.pensioenfondsmercer.nl\/#website","url":"https:\/\/www.pensioenfondsmercer.nl\/","name":"Stichting Pensioenfonds Mercer","description":"","potentialAction":[{"@type":"SearchAction","target":{"@type":"EntryPoint","urlTemplate":"https:\/\/www.pensioenfondsmercer.nl\/?s={search_term_string}"},"query-input":{"@type":"PropertyValueSpecification","valueRequired":true,"valueName":"search_term_string"}}],"inLanguage":"nl-NL"}]}},"_links":{"self":[{"href":"https:\/\/www.pensioenfondsmercer.nl\/index.php\/wp-json\/wp\/v2\/pages\/452","targetHints":{"allow":["GET"]}}],"collection":[{"href":"https:\/\/www.pensioenfondsmercer.nl\/index.php\/wp-json\/wp\/v2\/pages"}],"about":[{"href":"https:\/\/www.pensioenfondsmercer.nl\/index.php\/wp-json\/wp\/v2\/types\/page"}],"author":[{"embeddable":true,"href":"https:\/\/www.pensioenfondsmercer.nl\/index.php\/wp-json\/wp\/v2\/users\/1"}],"replies":[{"embeddable":true,"href":"https:\/\/www.pensioenfondsmercer.nl\/index.php\/wp-json\/wp\/v2\/comments?post=452"}],"version-history":[{"count":54,"href":"https:\/\/www.pensioenfondsmercer.nl\/index.php\/wp-json\/wp\/v2\/pages\/452\/revisions"}],"predecessor-version":[{"id":14579,"href":"https:\/\/www.pensioenfondsmercer.nl\/index.php\/wp-json\/wp\/v2\/pages\/452\/revisions\/14579"}],"up":[{"embeddable":true,"href":"https:\/\/www.pensioenfondsmercer.nl\/index.php\/wp-json\/wp\/v2\/pages\/448"}],"wp:attachment":[{"href":"https:\/\/www.pensioenfondsmercer.nl\/index.php\/wp-json\/wp\/v2\/media?parent=452"}],"curies":[{"name":"wp","href":"https:\/\/api.w.org\/{rel}","templated":true}]}}